{"id":129,"date":"2016-04-28T14:51:15","date_gmt":"2016-04-28T14:51:15","guid":{"rendered":"http:\/\/xn--scheinknig-kcb.de\/?page_id=129"},"modified":"2018-01-19T22:32:57","modified_gmt":"2018-01-19T22:32:57","slug":"impressum","status":"publish","type":"page","link":"http:\/\/affdaalm.de\/?page_id=129","title":{"rendered":"Impressum"},"content":{"rendered":"<h2 style=\"text-align: center;\">Herausgeber:<\/h2>\n<p style=\"text-align: center;\">Alm Custom design by Alm\u00f6 Hias<\/p>\n<p style=\"text-align: center;\">\u00a0Matthias Scheink\u00f6nig<\/p>\n<p style=\"text-align: center;\">Faislbach 7<\/p>\n<p style=\"text-align: center;\">92697 Georgenberg<\/p>\n<p style=\"text-align: center;\"><a href=\"mailto:office@affdaalm.de\" target=\"_blank\" rel=\"noopener\">Email an Alm Custom<\/a><\/p>\n<p style=\"text-align: center;\"><strong>Technische Umsetzung und Idee:<\/strong><\/p>\n<p style=\"text-align: center;\">\u00a0 Matthias Scheink\u00f6nig<\/p>\n<p style=\"text-align: center;\"><img fetchpriority=\"high\" decoding=\"async\" class=\"alignnone wp-image-10\" src=\"http:\/\/xn--scheinknig-kcb.de\/wp-content\/uploads\/2016\/04\/IMG_1781-e1461800184697.jpg\" alt=\"IMG_1781\" width=\"600\" height=\"400\" \/><\/p>\n<h2 style=\"text-align: center;\">Haftungsausschlu\u00df:<\/h2>\n<p style=\"text-align: center;\">Alle Informationen erfolgen nach bestem Wissen und Gewissen. Sollte uns dennoch ein Fehler unterlaufen sein, bedauern wir dies, k\u00f6nnen f\u00fcr diesen Fall aber keine Haftung \u00fcbernehmen. Wir weisen Sie au\u00dferdem ausdr\u00fccklich darauf hin, da\u00df wir unser Informationsangebot aus Gr\u00fcnden der Aktualit\u00e4t laufend \u00e4ndern.<\/p>\n<h2 style=\"text-align: center;\">\u00a9 Urheberrecht (Copyright):<\/h2>\n<p style=\"text-align: center;\">Der Inhalt der Websites www.affdaalm.de, www.bistdeppert.de und www.scheink\u00f6nig.de sind urheberrechtlich gesch\u00fctzt.<br \/>\nDie Nachrichten sind nur f\u00fcr Ihre pers\u00f6nliche Information bestimmt. Jede weitergehende Verwendung, insbesondere die Speicherung in Datenbanken, Ver\u00f6ffentlichung, Vervielf\u00e4ltigung und jede Form von gewerblicher Nutzung sowie die Weitergabe an Dritte \u2013 auch in Teilen oder in \u00fcberarbeiteter Form \u2013 ohne Zustimmung von Alm Custom ist untersagt.<\/p>\n<h2 style=\"text-align: center;\">Datenschutzerkl\u00e4rung<\/h2>\n<p style=\"text-align: center;\">Die Erhebung, Verwendung und Speicherung Ihrer personenbezogenen Daten bewegen sich im Rahmen der Bestimmungen des Bundesdatenschutzgesetzes der Bundesrepublik Deutschland. Jeder Abruf und jeder Zugriff einer auf dieser Website hinterlegten Webseite oder Datei werden mitprotokolliert. Die Speicherung dient internen systembezogenen und statistischen Zwecken. Im Protokoll enthalten: Name der Datei, Anzahl der Zugriffe, Datum und Uhrzeit, Datenmenge, Status des Zugriffes, Webbrowserversion, Referer, IP-Adresse und Domain. Weitere personenbezogene Daten werden nur dann erfasst, wenn der Websitenutzer freiwillige angaben im Rahmen einer Anfrage in entsprechenden Formularen angibt und hinterl\u00e4sst. Diese Daten werden verwendet f\u00fcr Beantwortung von Anfragen und f\u00fcr die Abwicklung entsprechner Dienste.<br \/>\nPersonenbezogene Daten werden von uns an Dritte nur weitergegeben oder sonst \u00fcbermittelt, wenn dies zum Zwecke der Vertragsabwicklung oder zu Anfrageabwicklung erforderlich ist.<\/p>\n<p style=\"text-align: center;\">Die Website verwendet Cookies bestehend aus einer Textdatei, die beim Zugiff auf die Webseite Daten f\u00fcr Ihren Webbrowser und auf unseren Server zwischenspeichert.<br \/>\nCookies enthalten allgemeine Daten mit denen z. B. das Navigieren oder Anzeigen von Benutzerinteraktionen auf einer Internetseite erleichtert werden. Wenn der Seitenbesucher die Nutzung von Cookies unterbinden will, kann er dies durch Einstellungen am Webbrowser einstellen. Eine Anleitung zur Cookiedeaktivierung erhalten Sie von Ihrem Browserhersteller.<\/p>\n<p style=\"text-align: center;\">Personenbezogene Daten werden von uns an Dritte nur weitergegeben oder sonst \u00fcbermittelt, wenn dies zum Zwecke der Vertragsabwicklung oder zu Abrechnungszwecken erforderlich ist oder der Nutzer der Website zuvor eingewilligt hat.<br \/>\nDer Nutzer der Website hat das Recht, seine erteilte Einwilligung mit Wirkung f\u00fcr die Zukunft jederzeit zu widerrufen.<br \/>\nEine L\u00f6schung oder Auskunft der gespeicherten personenbezogenen kann unter der im Impressum angegebene Adresse beantragt werden.<\/p>\n<p style=\"text-align: center;\">Diese Internetauftritt verwendet auf einigen Seiten au\u00dferdem den Facebook \u201cgef\u00e4llt mir \u2013 Button\u201d des sozialen Netzwerkes facebook.com deren Inhaber die Facebook Inc, 1601 S. California Ave, Palo Alto, CA 94304, USA ist. Seitenaufrufe mit dem Facebook \u201cgef\u00e4llt mir \u2013 Button\u201d stellen eine Verbindung mit einen Server von Facebook her und bestimmen auch den Inhalt des Button. Die bei der Verbindung \u00fcbermittelten Daten an den Facebook-Server obliegt den Bestimmungen und Richtlinien von Facebook.<br \/>\nSofern man bei Facebook eingeloggt ist sammelt Facebook Daten \u00fcber Ihren Besuch. Falls die nicht m\u00f6chten m\u00fcssen Sie sich bei Facebook ausloggen.<br \/>\nInformationen zur Datenerhebung und Nutzung und Einstellm\u00f6glichkeiten erhalten Sie unter facebook.com.<\/p>\n<p style=\"text-align: center;\">ABG:<br \/>\nHolzbilder Holzuhren usw.:<br \/>\nBei den Bildern handelt es sich um einen Fototransferdruck.<br \/>\nDabei ist zu beachten:<br \/>\n&#8211; Foto wird 1:1 auf das Holz transferiert<br \/>\n&#8211; durch den Arbeitsprozess \u201ek\u00f6nnen\u201c leichte Streifen und Flecken entstehen (Vintage look)<br \/>\n&#8211; wir \u00fcbernehmen keine Verantwortung f\u00fcr das gedruckte Bild (Urheberrechte)<br \/>\n&#8211; jedes Bild ist eine Einzelanfertigung<br \/>\n&#8211; die Bilder werden mit Klarlack \u00fcberzogen, um sie vor UV-Strahlung zu sch\u00fctzen<br \/>\n&#8211; das Bild kann noch einige Tage nach Erhalt nach Lack riechen (vergeht).<br \/>\n&#8211; helle Bilder kommen besser zur Geltung als dunkle.<br \/>\nHolzarbeiten:<br \/>\nAlle Holzarbeiten werden per Hand gefertigt.<br \/>\nDa es sich bei Holz um ein Naturprodukt handelt, kann es zu Ver\u00e4nderungen kommen. Daf\u00fcr kann keine Haftung \u00fcbernommen werden. Auf das Holz geben wir keine Garantie!<br \/>\nAllgemein:<br \/>\nEin Umtausch ist grunds\u00e4tzlich ausgeschlossen . Sollte es dennoch zu Beanstandungen kommen, reichen Sie diese Reklamationen sp\u00e4testens 8 Tage nach Wareneingang schriftlich bei Alm Custom auf dem Postweg oder per Email ein.<br \/>\nWenn m\u00f6glich, Bilder davon machen. Es wird dann gepr\u00fcft, ob eine Behebung in unsere Zust\u00e4ndigkeit f\u00e4llt.<br \/>\nBei R\u00fccksendung (nur auf Anforderung durch Alm Custom) machen Sie bitte das Porto frei. Unfreie Sendungen werden nicht angenommen!!!<br \/>\nDie Ware bleibt bis zur vollst\u00e4ndigen Bezahlung Eigentum von Alm Custom.<br \/>\nDer Auftraggeber willigt der elektronischen Speicherung seiner personenbezogenen Daten zum Zwecke der Auftragsabwicklung ein.<br \/>\nAlm Custom \u201eReklamation\u201c<br \/>\nMatthias Scheink\u00f6nig<br \/>\nFaislbach 7<br \/>\n92697 Georgenberg<br \/>\nEmail: office@affdaalm.de<\/p>\n<p>&nbsp;<\/p>\n<p style=\"text-align: center;\"><div class=\"woocommerce woocommerce-gzd woocommerce-gzd-complaints-shortcode\">\n\t\t\t<h3>Alternative Streitbeilegung gem\u00e4\u00df Art. 14 Abs. 1 ODR-VO und \u00a7 36 VSBG:<\/h3>\n\t\nZur Teilnahme an einem Streitbeilegungsverfahren vor einer Verbraucherschlichtungsstelle sind wir nicht verpflichtet und nicht bereit.<\/div><\/p>\n","protected":false},"excerpt":{"rendered":"<p>Herausgeber: Alm Custom design by Alm\u00f6 Hias \u00a0Matthias Scheink\u00f6nig Faislbach 7 92697 Georgenberg Email an Alm Custom Technische Umsetzung und Idee: \u00a0 Matthias Scheink\u00f6nig Haftungsausschlu\u00df: Alle Informationen erfolgen nach bestem Wissen und Gewissen. Sollte uns dennoch ein Fehler unterlaufen sein, bedauern wir dies, k\u00f6nnen f\u00fcr diesen Fall aber keine Haftung \u00fcbernehmen. Wir weisen Sie au\u00dferdem &#8230; <a title=\"Impressum\" class=\"read-more\" href=\"http:\/\/affdaalm.de\/?page_id=129\" aria-label=\"Mehr Informationen \u00fcber Impressum\">Weiterlesen<\/a><\/p>\n","protected":false},"author":1,"featured_media":0,"parent":0,"menu_order":0,"comment_status":"closed","ping_status":"closed","template":"","meta":{"footnotes":""},"class_list":["post-129","page","type-page","status-publish"],"_links":{"self":[{"href":"http:\/\/affdaalm.de\/index.php?rest_route=\/wp\/v2\/pages\/129","targetHints":{"allow":["GET"]}}],"collection":[{"href":"http:\/\/affdaalm.de\/index.php?rest_route=\/wp\/v2\/pages"}],"about":[{"href":"http:\/\/affdaalm.de\/index.php?rest_route=\/wp\/v2\/types\/page"}],"author":[{"embeddable":true,"href":"http:\/\/affdaalm.de\/index.php?rest_route=\/wp\/v2\/users\/1"}],"replies":[{"embeddable":true,"href":"http:\/\/affdaalm.de\/index.php?rest_route=%2Fwp%2Fv2%2Fcomments&post=129"}],"version-history":[{"count":8,"href":"http:\/\/affdaalm.de\/index.php?rest_route=\/wp\/v2\/pages\/129\/revisions"}],"predecessor-version":[{"id":522,"href":"http:\/\/affdaalm.de\/index.php?rest_route=\/wp\/v2\/pages\/129\/revisions\/522"}],"wp:attachment":[{"href":"http:\/\/affdaalm.de\/index.php?rest_route=%2Fwp%2Fv2%2Fmedia&parent=129"}],"curies":[{"name":"wp","href":"https:\/\/api.w.org\/{rel}","templated":true}]}}